{"id":398,"date":"2021-05-22T15:11:53","date_gmt":"2021-05-22T15:11:53","guid":{"rendered":"https:\/\/appiadronetech.com\/?page_id=398"},"modified":"2025-11-14T09:36:14","modified_gmt":"2025-11-14T09:36:14","slug":"home-hu","status":"publish","type":"page","link":"https:\/\/appiadronetech.com\/hu\/","title":{"rendered":"!Home-HU"},"content":{"rendered":"<p>[vc_row full_width=&#8221;stretch_row&#8221; full_height=&#8221;yes&#8221; equal_height=&#8221;yes&#8221; content_placement=&#8221;middle&#8221; css=&#8221;.vc_custom_1614678348615{background-image: url(https:\/\/appiadronetech.com\/wp-content\/uploads\/2021\/02\/bg-home-sec1.jpg?id=33) !important;background-position: center !important;background-repeat: no-repeat !important;background-size: cover !important;}&#8221; el_class=&#8221;home-full-section&#8221;][vc_column][vc_custom_heading text=&#8221;MEZ\u0150GAZDAS\u00c1GI DR\u00d3NOK&#8221; font_container=&#8221;tag:h2|text_align:center&#8221; use_theme_fonts=&#8221;yes&#8221; el_class=&#8221;block-main-heading&#8221; css=&#8221;.vc_custom_1718615973908{padding-top: 30px !important;}&#8221;][vc_custom_heading text=&#8221;A term\u00e9shozam \u00e9s a fenntarthat\u00f3s\u00e1g n\u00f6vel\u00e9se a leg\u00fajabb technol\u00f3gi\u00e1val&#8221; font_container=&#8221;tag:h3|text_align:center&#8221; use_theme_fonts=&#8221;yes&#8221; el_class=&#8221;block-main-subheading&#8221;][vc_column_text css=&#8221;.vc_custom_1718616942819{padding-top: 20px !important;}&#8221;]<\/p>\n<p style=\"text-align: center;\">A prec\u00edzi\u00f3s mez\u0151gazdas\u00e1gi technol\u00f3gi\u00e1k fokozatos fejl\u0151d\u00e9s\u00e9nek velej\u00e1r\u00f3ja a pil\u00f3ta n\u00e9lk\u00fcli l\u00e9gi j\u00e1rm\u0171vek (UAV) \u2500 ismertebb nev\u00fck\u00f6n dr\u00f3nok \u2500 ig\u00e9nybev\u00e9tele, melyek seg\u00edts\u00e9g\u00e9vel lehet\u0151v\u00e9 v\u00e1lt a n\u00f6v\u00e9nyek eg\u00e9szs\u00e9g\u00e9re, a permetez\u00e9s pontoss\u00e1g\u00e1ra, az \u00f6nt\u00f6z\u0151berendez\u00e9sekre \u00e9s egyebekre vonatkoz\u00f3 val\u00f3s idej\u0171 adatok gy\u0171jt\u00e9se \u00e9s elemz\u00e9se. Ezen inform\u00e1ci\u00f3k \u00f6sszegy\u0171jt\u00e9se seg\u00edti a mez\u0151gazd\u00e1szokat a term\u00e9shozam n\u00f6vel\u00e9s\u00e9ben, mik\u00f6zben cs\u00f6kkenti a gyomokra \u00e9s a gyomirt\u00f3szerekre ford\u00edtott er\u0151forr\u00e1sokat, \u00edgy cs\u00f6kkentve a k\u00f6rnyezeti hat\u00e1st \u00e9s jav\u00edtva az \u00e1ltal\u00e1nos kezel\u00e9si d\u00f6nt\u00e9seket.<\/p>\n<p>[\/vc_column_text][vc_single_image image=&#8221;1334&#8243; img_size=&#8221;full&#8221; alignment=&#8221;center&#8221; el_class=&#8221;img-drop-shadow&#8221; css=&#8221;.vc_custom_1763112987929{padding-top: 20px !important;}&#8221;]<style type=\"text\/css\" data-type=\"the7_shortcodes-inline-css\">#default-btn-3bff6549d4fb172e82cb2b6131e16340.ico-right-side > i {\n  margin-right: 0px;\n  margin-left: 8px;\n}\n#default-btn-3bff6549d4fb172e82cb2b6131e16340 > i {\n  margin-right: 8px;\n}\n#default-btn-3bff6549d4fb172e82cb2b6131e16340 * {\n  vertical-align: middle;\n}\n<\/style><div class=\"btn-align-center\"><a href=\"https:\/\/appiadronetech.com\/hu\/mezogazdasagi-dronok\/\" class=\"default-btn-shortcode dt-btn dt-btn-l link-hover-off  vc_custom_1718617593833\" id=\"default-btn-3bff6549d4fb172e82cb2b6131e16340\" title=\"Agricultural and farming drones\"><span>R\u00e9szletek<\/span><\/a><\/div>[\/vc_column][\/vc_row][vc_row full_width=&#8221;stretch_row&#8221; equal_height=&#8221;yes&#8221; content_placement=&#8221;middle&#8221; el_class=&#8221;home-separator-section&#8221;][vc_column width=&#8221;2\/3&#8243;][vc_custom_heading text=&#8221;Az ADT-r\u0151l&#8221; font_container=&#8221;tag:div|text_align:left&#8221; use_theme_fonts=&#8221;yes&#8221; el_class=&#8221;separator-heading&#8221;][vc_column_text]Mi\u00e9rt v\u00e1laszd az ADT dr\u00f3nokat? Szenved\u00e9ly\u00fcnk a technol\u00f3gia, \u00e9s t\u00e1mogatjuk a halad\u00e1st. Elkezdt\u00fcnk saj\u00e1t dr\u00f3nokat gy\u00e1rtani, \u00edgy tudjuk, hogy mit\u0151l lesz hossz\u00fa t\u00e1von megb\u00edzhat\u00f3 egy rep\u00fcl\u00e9si platform.[\/vc_column_text]<style type=\"text\/css\" data-type=\"the7_shortcodes-inline-css\">#default-btn-1ae6d6fa9df773c82c05cff18f09de32.ico-right-side > i {\n  margin-right: 0px;\n  margin-left: 8px;\n}\n#default-btn-1ae6d6fa9df773c82c05cff18f09de32 > i {\n  margin-right: 8px;\n}\n#default-btn-1ae6d6fa9df773c82c05cff18f09de32 * {\n  vertical-align: middle;\n}\n<\/style><div class=\"btn-align-left\"><a href=\"https:\/\/appiadronetech.com\/hu\/rolunk\/\" class=\"default-btn-shortcode dt-btn dt-btn-m link-hover-off \" id=\"default-btn-1ae6d6fa9df773c82c05cff18f09de32\" title=\"B\u0151vebben\"><span>B\u0151vebben<\/span><\/a><\/div>[\/vc_column][vc_column width=&#8221;1\/3&#8243;][vc_single_image image=&#8221;51&#8243; img_size=&#8221;full&#8221; alignment=&#8221;right&#8221;][\/vc_column][\/vc_row][vc_row full_width=&#8221;stretch_row&#8221; full_height=&#8221;yes&#8221; css=&#8221;.vc_custom_1614678356366{background-image: url(https:\/\/appiadronetech.com\/wp-content\/uploads\/2021\/02\/bg-home-sec2.jpg?id=39) !important;background-position: center !important;background-repeat: no-repeat !important;background-size: cover !important;}&#8221; el_class=&#8221;home-full-section&#8221;][vc_column][vc_custom_heading text=&#8221;IPARI \u00e9s BIZTONS\u00c1GI DR\u00d3NOK&#8221; font_container=&#8221;tag:h2|text_align:center&#8221; use_theme_fonts=&#8221;yes&#8221; el_class=&#8221;block-main-heading&#8221;][vc_column_text]<\/p>\n<p style=\"text-align: center;\">V\u00e1llalkoz\u00e1sunk ezen r\u00e9sze hamarosan felsz\u00e1ll!<\/p>\n<p>[\/vc_column_text][\/vc_column][\/vc_row][vc_row full_width=&#8221;stretch_row&#8221; equal_height=&#8221;yes&#8221; content_placement=&#8221;middle&#8221; el_class=&#8221;home-separator-section&#8221;][vc_column width=&#8221;2\/3&#8243;][vc_custom_heading text=&#8221;Terjeszked\u00fcnk&#8221; font_container=&#8221;tag:div|text_align:left&#8221; use_theme_fonts=&#8221;yes&#8221; el_class=&#8221;separator-heading&#8221;][vc_column_text]L\u00e9gy te is a j\u00f6v\u0151 r\u00e9sze az Appia Drone Tech seg\u00edts\u00e9g\u00e9vel.<br \/>\nCsatlakozz hozz\u00e1nk partnerk\u00e9nt, \u00e9s j\u00e1rulj hozz\u00e1 a k\u00f6z\u00f6s n\u00f6veked\u00e9s\u00fcnkh\u00f6z.[\/vc_column_text]<style type=\"text\/css\" data-type=\"the7_shortcodes-inline-css\">#default-btn-eaad2b53fead23c4631e2204bdb92a33.ico-right-side > i {\n  margin-right: 0px;\n  margin-left: 8px;\n}\n#default-btn-eaad2b53fead23c4631e2204bdb92a33 > i {\n  margin-right: 8px;\n}\n#default-btn-eaad2b53fead23c4631e2204bdb92a33 * {\n  vertical-align: middle;\n}\n<\/style><div class=\"btn-align-left\"><a href=\"https:\/\/appiadronetech.com\/hu\/kapcsolat\/\" class=\"default-btn-shortcode dt-btn dt-btn-m link-hover-off \" id=\"default-btn-eaad2b53fead23c4631e2204bdb92a33\" title=\"Partner Leszek\"><span>Partner Leszek<\/span><\/a><\/div>[\/vc_column][vc_column width=&#8221;1\/3&#8243;][vc_single_image image=&#8221;56&#8243; img_size=&#8221;full&#8221; alignment=&#8221;right&#8221;][\/vc_column][\/vc_row][vc_row full_width=&#8221;stretch_row&#8221; full_height=&#8221;yes&#8221; css=&#8221;.vc_custom_1614678366549{background-image: url(https:\/\/appiadronetech.com\/wp-content\/uploads\/2021\/02\/bg-home-sec3.jpg?id=40) !important;background-position: center !important;background-repeat: no-repeat !important;background-size: cover !important;}&#8221; el_class=&#8221;home-full-section&#8221;][vc_column][vc_custom_heading text=&#8221;MENT\u0150 DR\u00d3NOK&#8221; font_container=&#8221;tag:h2|text_align:center&#8221; use_theme_fonts=&#8221;yes&#8221; el_class=&#8221;block-main-heading&#8221;][vc_column_text]<\/p>\n<p style=\"text-align: center;\">V\u00e1llalkoz\u00e1sunk ezen r\u00e9sze hamarosan felsz\u00e1ll!<\/p>\n<p>[\/vc_column_text][\/vc_column][\/vc_row][vc_row full_width=&#8221;stretch_row&#8221; equal_height=&#8221;yes&#8221; content_placement=&#8221;middle&#8221; disable_element=&#8221;yes&#8221; el_class=&#8221;home-separator-section&#8221;][vc_column width=&#8221;2\/3&#8243;][vc_custom_heading text=&#8221;WARRANTY and ASSURANCE&#8221; font_container=&#8221;tag:div|text_align:left&#8221; use_theme_fonts=&#8221;yes&#8221; el_class=&#8221;separator-heading&#8221;][vc_column_text]I am text block. Click edit button to change this text. Lorem ipsum dolor sit amet, consectetur adipiscing elit. Ut elit tellus, luctus nec ullamcorper mattis, pulvinar dapibus leo.[\/vc_column_text]<style type=\"text\/css\" data-type=\"the7_shortcodes-inline-css\">#default-btn-915e5f43da171e78fbf8a6715d801e73.ico-right-side > i {\n  margin-right: 0px;\n  margin-left: 8px;\n}\n#default-btn-915e5f43da171e78fbf8a6715d801e73 > i {\n  margin-right: 8px;\n}\n#default-btn-915e5f43da171e78fbf8a6715d801e73 * {\n  vertical-align: middle;\n}\n<\/style><div class=\"btn-align-left\"><a href=\"#\" class=\"default-btn-shortcode dt-btn dt-btn-m link-hover-off \" id=\"default-btn-915e5f43da171e78fbf8a6715d801e73\"><span>Are you safe?<\/span><\/a><\/div>[\/vc_column][vc_column width=&#8221;1\/3&#8243;][vc_single_image image=&#8221;55&#8243; img_size=&#8221;full&#8221; alignment=&#8221;right&#8221;][\/vc_column][\/vc_row]<\/p>\n","protected":false},"excerpt":{"rendered":"<p>[vc_row full_width=&#8221;stretch_row&#8221; full_height=&#8221;yes&#8221; equal_height=&#8221;yes&#8221; content_placement=&#8221;middle&#8221; css=&#8221;.vc_custom_1614678348615{background-image: url(https:\/\/appiadronetech.com\/wp-content\/uploads\/2021\/02\/bg-home-sec1.jpg?id=33) !important;background-position: center !important;background-repeat: no-repeat !important;background-size: cover !important;}&#8221; el_class=&#8221;home-full-section&#8221;][vc_column][vc_custom_heading text=&#8221;MEZ\u0150GAZDAS\u00c1GI DR\u00d3NOK&#8221; font_container=&#8221;tag:h2|text_align:center&#8221; use_theme_fonts=&#8221;yes&#8221; el_class=&#8221;block-main-heading&#8221; css=&#8221;.vc_custom_1718615973908{padding-top: 30px !important;}&#8221;][vc_custom_heading text=&#8221;A term\u00e9shozam \u00e9s a fenntarthat\u00f3s\u00e1g n\u00f6vel\u00e9se a leg\u00fajabb technol\u00f3gi\u00e1val&#8221; font_container=&#8221;tag:h3|text_align:center&#8221; use_theme_fonts=&#8221;yes&#8221; el_class=&#8221;block-main-subheading&#8221;][vc_column_text css=&#8221;.vc_custom_1718616942819{padding-top: 20px !important;}&#8221;] A prec\u00edzi\u00f3s mez\u0151gazdas\u00e1gi technol\u00f3gi\u00e1k fokozatos fejl\u0151d\u00e9s\u00e9nek velej\u00e1r\u00f3ja a pil\u00f3ta n\u00e9lk\u00fcli l\u00e9gi j\u00e1rm\u0171vek (UAV) \u2500 ismertebb nev\u00fck\u00f6n dr\u00f3nok&hellip;<\/p>\n","protected":false},"author":2,"featured_media":373,"parent":0,"menu_order":0,"comment_status":"closed","ping_status":"closed","template":"","meta":[],"_links":{"self":[{"href":"https:\/\/appiadronetech.com\/hu\/wp-json\/wp\/v2\/pages\/398"}],"collection":[{"href":"https:\/\/appiadronetech.com\/hu\/wp-json\/wp\/v2\/pages"}],"about":[{"href":"https:\/\/appiadronetech.com\/hu\/wp-json\/wp\/v2\/types\/page"}],"author":[{"embeddable":true,"href":"https:\/\/appiadronetech.com\/hu\/wp-json\/wp\/v2\/users\/2"}],"replies":[{"embeddable":true,"href":"https:\/\/appiadronetech.com\/hu\/wp-json\/wp\/v2\/comments?post=398"}],"version-history":[{"count":12,"href":"https:\/\/appiadronetech.com\/hu\/wp-json\/wp\/v2\/pages\/398\/revisions"}],"predecessor-version":[{"id":1206,"href":"https:\/\/appiadronetech.com\/hu\/wp-json\/wp\/v2\/pages\/398\/revisions\/1206"}],"wp:featuredmedia":[{"embeddable":true,"href":"https:\/\/appiadronetech.com\/hu\/wp-json\/wp\/v2\/media\/373"}],"wp:attachment":[{"href":"https:\/\/appiadronetech.com\/hu\/wp-json\/wp\/v2\/media?parent=398"}],"curies":[{"name":"wp","href":"https:\/\/api.w.org\/{rel}","templated":true}]}}