{"id":402,"date":"2021-05-22T15:17:35","date_gmt":"2021-05-22T15:17:35","guid":{"rendered":"https:\/\/appiadronetech.com\/?page_id=402"},"modified":"2023-11-16T13:29:50","modified_gmt":"2023-11-16T13:29:50","slug":"rolunk","status":"publish","type":"page","link":"https:\/\/appiadronetech.com\/hu\/rolunk\/","title":{"rendered":"R\u00f3lunk"},"content":{"rendered":"<p>[vc_row][vc_column width=&#8221;1\/4&#8243;][\/vc_column][vc_column width=&#8221;1\/2&#8243;][vc_column_text]<\/p>\n<p style=\"text-align: justify;\">Az Appia Drone Tech egy rom\u00e1n \u00e9s magyar (Instal Invest Kft) k\u00f6z\u00f6s v\u00e1llalkoz\u00e1s, amelynek c\u00e9lja a mez\u0151gazdas\u00e1g nagyszab\u00e1s\u00fa moderniz\u00e1l\u00e1sa \u00e9s digitaliz\u00e1l\u00e1sa.<\/p>\n<p style=\"text-align: justify;\">A k\u00e9t orsz\u00e1g szakembereinek k\u00f6z\u00f6s munk\u00e1ja k\u00f6sz\u00f6n vissza dr\u00f3nmegold\u00e1saink tervez\u00e9s\u00e9ben \u00e9s kifejleszt\u00e9s\u00e9ben, annak \u00e9rdek\u00e9ben, hogy biztons\u00e1gosabb\u00e1 \u00e9s hat\u00e9konyabb\u00e1 tegy\u00e9k a munk\u00e1t azokon a ter\u00fcleteken, amelyek k\u00f6nnyed\u00e9n felhaszn\u00e1lhatj\u00e1k a dr\u00f3n alap\u00fa l\u00e9gi intelligenci\u00e1t (mez\u0151gazdas\u00e1g, ment\u00e9s, fel\u00fcgyelet, \u00e9p\u00edtkez\u00e9s stb.) A t\u00e9rinformatikai adatok gy\u0171jt\u00e9s\u00e9nek \u00e9s elemz\u00e9s\u00e9nek egyszer\u0171s\u00edt\u00e9s\u00e9vel e ter\u00fcletek szakemberei r\u00f6videbb id\u0151 alatt jobb d\u00f6nt\u00e9seket hozhatnak, jav\u00edtva ezzel v\u00e1llalkoz\u00e1suk hat\u00e9konys\u00e1g\u00e1t \u00e9s profitj\u00e1t.<\/p>\n<p style=\"text-align: justify;\">Szak\u00e9rt\u0151i csapatunk kiz\u00e1r\u00f3lag kiv\u00e1l\u00f3 min\u0151s\u00e9g\u0171 alkatr\u00e9szeket haszn\u00e1l annak \u00e9rdek\u00e9ben, hogy egy olyan egyedi megold\u00e1st hozzon l\u00e9tre v\u00e1llalkoz\u00e1sod sz\u00e1m\u00e1ra, amely egyar\u00e1nt megfelel a k\u00f6lts\u00e9gvet\u00e9snek \u00e9s az ig\u00e9nyeknek.<\/p>\n<p style=\"text-align: justify;\">Csapatunk biztos\u00edtja, hogy minden pil\u00f3ta n\u00e9lk\u00fcli l\u00e9gi j\u00e1rm\u0171vet (UAV) egyedileg tervezz\u00fcnk, \u00e1ll\u00edtsunk \u00f6ssze \u00e9s tesztelj\u00fcnk a min\u0151s\u00e9gbiztos\u00edt\u00e1s \u00e9rdek\u00e9ben.<\/p>\n<p>[\/vc_column_text][\/vc_column][vc_column width=&#8221;1\/4&#8243;][\/vc_column][\/vc_row]<\/p>\n","protected":false},"excerpt":{"rendered":"<p>[vc_row][vc_column width=&#8221;1\/4&#8243;][\/vc_column][vc_column width=&#8221;1\/2&#8243;][vc_column_text] Az Appia Drone Tech egy rom\u00e1n \u00e9s magyar (Instal Invest Kft) k\u00f6z\u00f6s v\u00e1llalkoz\u00e1s, amelynek c\u00e9lja a mez\u0151gazdas\u00e1g nagyszab\u00e1s\u00fa moderniz\u00e1l\u00e1sa \u00e9s digitaliz\u00e1l\u00e1sa. A k\u00e9t orsz\u00e1g szakembereinek k\u00f6z\u00f6s munk\u00e1ja k\u00f6sz\u00f6n vissza dr\u00f3nmegold\u00e1saink tervez\u00e9s\u00e9ben \u00e9s kifejleszt\u00e9s\u00e9ben, annak \u00e9rdek\u00e9ben, hogy biztons\u00e1gosabb\u00e1 \u00e9s hat\u00e9konyabb\u00e1 tegy\u00e9k a munk\u00e1t azokon a ter\u00fcleteken, amelyek k\u00f6nnyed\u00e9n felhaszn\u00e1lhatj\u00e1k a dr\u00f3n alap\u00fa l\u00e9gi&hellip;<\/p>\n","protected":false},"author":2,"featured_media":334,"parent":0,"menu_order":0,"comment_status":"closed","ping_status":"closed","template":"","meta":[],"_links":{"self":[{"href":"https:\/\/appiadronetech.com\/hu\/wp-json\/wp\/v2\/pages\/402"}],"collection":[{"href":"https:\/\/appiadronetech.com\/hu\/wp-json\/wp\/v2\/pages"}],"about":[{"href":"https:\/\/appiadronetech.com\/hu\/wp-json\/wp\/v2\/types\/page"}],"author":[{"embeddable":true,"href":"https:\/\/appiadronetech.com\/hu\/wp-json\/wp\/v2\/users\/2"}],"replies":[{"embeddable":true,"href":"https:\/\/appiadronetech.com\/hu\/wp-json\/wp\/v2\/comments?post=402"}],"version-history":[{"count":5,"href":"https:\/\/appiadronetech.com\/hu\/wp-json\/wp\/v2\/pages\/402\/revisions"}],"predecessor-version":[{"id":1265,"href":"https:\/\/appiadronetech.com\/hu\/wp-json\/wp\/v2\/pages\/402\/revisions\/1265"}],"wp:featuredmedia":[{"embeddable":true,"href":"https:\/\/appiadronetech.com\/hu\/wp-json\/wp\/v2\/media\/334"}],"wp:attachment":[{"href":"https:\/\/appiadronetech.com\/hu\/wp-json\/wp\/v2\/media?parent=402"}],"curies":[{"name":"wp","href":"https:\/\/api.w.org\/{rel}","templated":true}]}}