{"id":416,"date":"2021-05-22T16:03:24","date_gmt":"2021-05-22T16:03:24","guid":{"rendered":"https:\/\/appiadronetech.com\/?page_id=416"},"modified":"2023-11-16T13:19:48","modified_gmt":"2023-11-16T13:19:48","slug":"kapcsolat","status":"publish","type":"page","link":"https:\/\/appiadronetech.com\/hu\/kapcsolat\/","title":{"rendered":"Kapcsolat"},"content":{"rendered":"<p>[vc_row gap=&#8221;35&#8243;][vc_column width=&#8221;1\/12&#8243;][\/vc_column][vc_column width=&#8221;6\/12&#8243;][vc_column_text]Besz\u00e9lj szak\u00e9rt\u0151inkkel, hogy megtudd, ha az ig\u00e9nyeid alapj\u00e1n egy dr\u00f3nalap\u00fa megold\u00e1s megfelel\u0151-e a v\u00e1llalkoz\u00e1sodnak.<\/p>\n<p><strong>Vedd fel vel\u00fcnk a kapcsolatot az al\u00e1bbi \u0171rlap kit\u00f6lt\u00e9s\u00e9vel:<\/strong>[\/vc_column_text]<div role=\"form\" class=\"wpcf7\" id=\"wpcf7-f418-o1\" lang=\"en-US\" dir=\"ltr\">\n<div class=\"screen-reader-response\"><p role=\"status\" aria-live=\"polite\" aria-atomic=\"true\"><\/p> <ul><\/ul><\/div>\n<form action=\"\/hu\/wp-json\/wp\/v2\/pages\/416#wpcf7-f418-o1\" method=\"post\" class=\"wpcf7-form init\" novalidate=\"novalidate\" data-status=\"init\">\n<div style=\"display: none;\">\n<input type=\"hidden\" name=\"_wpcf7\" value=\"418\" \/>\n<input type=\"hidden\" name=\"_wpcf7_version\" value=\"5.4\" \/>\n<input type=\"hidden\" name=\"_wpcf7_locale\" value=\"en_US\" \/>\n<input type=\"hidden\" name=\"_wpcf7_unit_tag\" value=\"wpcf7-f418-o1\" \/>\n<input type=\"hidden\" name=\"_wpcf7_container_post\" value=\"0\" \/>\n<input type=\"hidden\" name=\"_wpcf7_posted_data_hash\" value=\"\" \/>\n<\/div>\n<p><label> Teljes n\u00e9v (*)<br \/>\n    <span class=\"wpcf7-form-control-wrap your-name\"><input type=\"text\" name=\"your-name\" value=\"\" size=\"40\" class=\"wpcf7-form-control wpcf7-text wpcf7-validates-as-required\" aria-required=\"true\" aria-invalid=\"false\" \/><\/span> <\/label><\/p>\n<p><label> E-mail c\u00edm (*)<br \/>\n    <span class=\"wpcf7-form-control-wrap your-email\"><input type=\"email\" name=\"your-email\" value=\"\" size=\"40\" class=\"wpcf7-form-control wpcf7-text wpcf7-email wpcf7-validates-as-required wpcf7-validates-as-email\" aria-required=\"true\" aria-invalid=\"false\" \/><\/span> <\/label><\/p>\n<p><label> T\u00e9mak\u00f6r (*)<br \/>\n    <span class=\"wpcf7-form-control-wrap your-subject\"><input type=\"text\" name=\"your-subject\" value=\"\" size=\"40\" class=\"wpcf7-form-control wpcf7-text wpcf7-validates-as-required\" aria-required=\"true\" aria-invalid=\"false\" \/><\/span> <\/label><\/p>\n<p><label> \u00dczenet (*)<br \/>\n    <span class=\"wpcf7-form-control-wrap your-message\"><textarea name=\"your-message\" cols=\"40\" rows=\"10\" class=\"wpcf7-form-control wpcf7-textarea wpcf7-validates-as-required\" aria-required=\"true\" aria-invalid=\"false\"><\/textarea><\/span> <\/label><\/p>\n<p><span class=\"wpcf7-form-control-wrap acceptance-171\"><span class=\"wpcf7-form-control wpcf7-acceptance\"><span class=\"wpcf7-list-item\"><label><input type=\"checkbox\" name=\"acceptance-171\" value=\"1\" aria-invalid=\"false\" \/><span class=\"wpcf7-list-item-label\">Ezen \u0171rlap kit\u00f6lt\u00e9s\u00e9vel \u00e9s elk\u00fcld\u00e9s\u00e9vel hozz\u00e1j\u00e1rulok az adataim az oldalon val\u00f3 kezel\u00e9s\u00e9hez \u00e9s t\u00e1rol\u00e1s\u00e1hoz a v\u00e1lasz \u00e9rdek\u00e9ben.<\/span><\/label><\/span><\/span><\/span><\/p>\n<p><input type=\"submit\" value=\"Elk\u00fcld\" class=\"wpcf7-form-control wpcf7-submit\" \/><\/p>\n<input type='hidden' class='wpcf7-pum' value='{\"closepopup\":false,\"closedelay\":0,\"openpopup\":false,\"openpopup_id\":0}' \/><div class=\"wpcf7-response-output\" aria-hidden=\"true\"><\/div><\/form><\/div>[\/vc_column][vc_column width=&#8221;4\/12&#8243;][vc_column_text]<strong>INSTAL INVEST KFT<\/strong><\/p>\n<p>Budapest, 1027 Horv\u00e1t utca 14-24<\/p>\n<p>Tel: <a href=\"tel:+36209443198\">+36 20 944 3198<\/a><\/p>\n<p>Email: <a href=\"mailto:instalinvest@appiadronetech.com\">instalinvest@appiadronetech.com<\/a>[\/vc_column_text]<style type=\"text\/css\" data-type=\"the7_shortcodes-inline-css\">#default-btn-42c6ea0e109b8158cb57255abd6169e2.ico-right-side > i {\n  margin-right: 0px;\n  margin-left: 8px;\n}\n#default-btn-42c6ea0e109b8158cb57255abd6169e2 > i {\n  margin-right: 8px;\n}\n#default-btn-42c6ea0e109b8158cb57255abd6169e2 * {\n  vertical-align: middle;\n}\n<\/style><a href=\"#!\/row-dealers\" class=\"default-btn-shortcode dt-btn dt-btn-m link-hover-off anchor-link btn-inline-left \" id=\"default-btn-42c6ea0e109b8158cb57255abd6169e2\" title=\"Authorized dealers\"><span>Hivatalos forgalmaz\u00f3k<\/span><\/a>[\/vc_column][vc_column width=&#8221;1\/12&#8243;][\/vc_column][\/vc_row][vc_row el_id=&#8221;row-dealers&#8221;][vc_column width=&#8221;1\/6&#8243;][\/vc_column][vc_column width=&#8221;4\/6&#8243;][vc_custom_heading text=&#8221;Hivatalos forgalmaz\u00f3k&#8221; use_theme_fonts=&#8221;yes&#8221;][vc_row_inner][vc_column_inner width=&#8221;1\/2&#8243;][vc_custom_heading text=&#8221;Romania&#8221; font_container=&#8221;tag:h4|text_align:left&#8221; use_theme_fonts=&#8221;yes&#8221;][vc_column_text]<strong>SC Wiki Wiki Management SRL<\/strong><br \/>\nstr. Gheorghe Doja nr. 147, T\u00e2rgu Mure\u0219, jud. Mure\u0219<\/p>\n<p>Tel: +40732660977<\/p>\n<p>Emial: <a href=\"mailto:sales@appia.ro\">sales@appia.ro<\/a>[\/vc_column_text][\/vc_column_inner][vc_column_inner width=&#8221;1\/2&#8243;][\/vc_column_inner][\/vc_row_inner][\/vc_column][vc_column width=&#8221;1\/6&#8243;][\/vc_column][\/vc_row]<\/p>\n","protected":false},"excerpt":{"rendered":"<p>[vc_row gap=&#8221;35&#8243;][vc_column width=&#8221;1\/12&#8243;][\/vc_column][vc_column width=&#8221;6\/12&#8243;][vc_column_text]Besz\u00e9lj szak\u00e9rt\u0151inkkel, hogy megtudd, ha az ig\u00e9nyeid alapj\u00e1n egy dr\u00f3nalap\u00fa megold\u00e1s megfelel\u0151-e a v\u00e1llalkoz\u00e1sodnak. Vedd fel vel\u00fcnk a kapcsolatot az al\u00e1bbi \u0171rlap kit\u00f6lt\u00e9s\u00e9vel:[\/vc_column_text][\/vc_column][vc_column width=&#8221;4\/12&#8243;][vc_column_text]INSTAL INVEST KFT Budapest, 1027 Horv\u00e1t utca 14-24 Tel: +36 20 944 3198 Email: instalinvest@appiadronetech.com[\/vc_column_text][\/vc_column][vc_column width=&#8221;1\/12&#8243;][\/vc_column][\/vc_row][vc_row el_id=&#8221;row-dealers&#8221;][vc_column width=&#8221;1\/6&#8243;][\/vc_column][vc_column width=&#8221;4\/6&#8243;][vc_custom_heading text=&#8221;Hivatalos forgalmaz\u00f3k&#8221; use_theme_fonts=&#8221;yes&#8221;][vc_row_inner][vc_column_inner width=&#8221;1\/2&#8243;][vc_custom_heading text=&#8221;Romania&#8221; font_container=&#8221;tag:h4|text_align:left&#8221; use_theme_fonts=&#8221;yes&#8221;][vc_column_text]SC Wiki Wiki Management&hellip;<\/p>\n","protected":false},"author":2,"featured_media":355,"parent":0,"menu_order":0,"comment_status":"closed","ping_status":"closed","template":"","meta":[],"_links":{"self":[{"href":"https:\/\/appiadronetech.com\/hu\/wp-json\/wp\/v2\/pages\/416"}],"collection":[{"href":"https:\/\/appiadronetech.com\/hu\/wp-json\/wp\/v2\/pages"}],"about":[{"href":"https:\/\/appiadronetech.com\/hu\/wp-json\/wp\/v2\/types\/page"}],"author":[{"embeddable":true,"href":"https:\/\/appiadronetech.com\/hu\/wp-json\/wp\/v2\/users\/2"}],"replies":[{"embeddable":true,"href":"https:\/\/appiadronetech.com\/hu\/wp-json\/wp\/v2\/comments?post=416"}],"version-history":[{"count":16,"href":"https:\/\/appiadronetech.com\/hu\/wp-json\/wp\/v2\/pages\/416\/revisions"}],"predecessor-version":[{"id":958,"href":"https:\/\/appiadronetech.com\/hu\/wp-json\/wp\/v2\/pages\/416\/revisions\/958"}],"wp:featuredmedia":[{"embeddable":true,"href":"https:\/\/appiadronetech.com\/hu\/wp-json\/wp\/v2\/media\/355"}],"wp:attachment":[{"href":"https:\/\/appiadronetech.com\/hu\/wp-json\/wp\/v2\/media?parent=416"}],"curies":[{"name":"wp","href":"https:\/\/api.w.org\/{rel}","templated":true}]}}